{"id":29,"date":"2024-02-05T02:34:42","date_gmt":"2024-02-04T17:34:42","guid":{"rendered":"https:\/\/jamtour.jp\/mongolia\/?page_id=29"},"modified":"2024-03-22T10:10:46","modified_gmt":"2024-03-22T01:10:46","slug":"%e3%81%8a%e5%95%8f%e5%90%88%e3%81%9b","status":"publish","type":"page","link":"https:\/\/jamtour.jp\/?page_id=29","title":{"rendered":"\u304a\u554f\u5408\u305b"},"content":{"rendered":"\t\t<div data-elementor-type=\"wp-page\" data-elementor-id=\"29\" class=\"elementor elementor-29\">\n\t\t\t\t<div class=\"elementor-element elementor-element-f3319ba e-flex e-con-boxed e-con e-parent\" data-id=\"f3319ba\" data-element_type=\"container\" data-e-type=\"container\" data-settings=\"{&quot;background_background&quot;:&quot;gradient&quot;}\">\n\t\t\t\t\t<div class=\"e-con-inner\">\n\t\t<div class=\"elementor-element elementor-element-4acd695 e-flex e-con-boxed e-con e-child\" data-id=\"4acd695\" data-element_type=\"container\" data-e-type=\"container\">\n\t\t\t\t\t<div class=\"e-con-inner\">\n\t\t\t\t<div class=\"elementor-element elementor-element-180df4c elementor-widget elementor-widget-text-editor\" data-id=\"180df4c\" data-element_type=\"widget\" data-e-type=\"widget\" data-widget_type=\"text-editor.default\">\n\t\t\t\t<div class=\"elementor-widget-container\">\n\t\t\t\t\t\t\t\t\t<h2>\u304a\u554f\u5408\u305b<\/h2>\t\t\t\t\t\t\t\t<\/div>\n\t\t\t\t<\/div>\n\t\t\t\t\t<\/div>\n\t\t\t\t<\/div>\n\t\t\t\t\t<\/div>\n\t\t\t\t<\/div>\n\t\t<div class=\"elementor-element elementor-element-92c242b e-flex e-con-boxed e-con e-parent\" data-id=\"92c242b\" data-element_type=\"container\" data-e-type=\"container\">\n\t\t\t\t\t<div class=\"e-con-inner\">\n\t\t\t\t<div class=\"elementor-element elementor-element-c00c8f4 elementor-widget elementor-widget-text-editor\" data-id=\"c00c8f4\" data-element_type=\"widget\" data-e-type=\"widget\" data-widget_type=\"text-editor.default\">\n\t\t\t\t<div class=\"elementor-widget-container\">\n\t\t\t\t\t\t\t\t\t\u96fb\u8a71\u306b\u3066\u304a\u554f\u5408\u305b\u9802\u304f\u5834\u5408\t\t\t\t\t\t\t\t<\/div>\n\t\t\t\t<\/div>\n\t\t\t\t\t<\/div>\n\t\t\t\t<\/div>\n\t\t<div class=\"elementor-element elementor-element-66a858d e-flex e-con-boxed e-con e-parent\" data-id=\"66a858d\" data-element_type=\"container\" data-e-type=\"container\">\n\t\t\t\t\t<div class=\"e-con-inner\">\n\t\t\t\t<div class=\"elementor-element elementor-element-d439ac1 elementor-widget elementor-widget-text-editor\" data-id=\"d439ac1\" data-element_type=\"widget\" data-e-type=\"widget\" data-widget_type=\"text-editor.default\">\n\t\t\t\t<div class=\"elementor-widget-container\">\n\t\t\t\t\t\t\t\t\tTEL: <a href=\"tell:0344002627\">03-4400-2627<\/a>\t\t\t\t\t\t\t\t<\/div>\n\t\t\t\t<\/div>\n\t\t\t\t\t<\/div>\n\t\t\t\t<\/div>\n\t\t<div class=\"elementor-element elementor-element-1f1278a e-flex e-con-boxed e-con e-parent\" data-id=\"1f1278a\" data-element_type=\"container\" data-e-type=\"container\">\n\t\t\t\t\t<div class=\"e-con-inner\">\n\t\t\t\t<div class=\"elementor-element elementor-element-5a2e12b elementor-widget elementor-widget-text-editor\" data-id=\"5a2e12b\" data-element_type=\"widget\" data-e-type=\"widget\" data-widget_type=\"text-editor.default\">\n\t\t\t\t<div class=\"elementor-widget-container\">\n\t\t\t\t\t\t\t\t\t\u4e0b\u8a18\u30d5\u30a9\u30fc\u30e0\u3088\u308a\u304a\u6c17\u8efd\u306b\u304a\u554f\u3044\u5408\u308f\u305b\u304f\u3060\u3055\u3044\u3002<br\/>\n\u30e1\u30fc\u30eb\u306b\u3066\u304a\u554f\u3044\u5408\u308f\u305b\u3044\u305f\u3060\u304f\u5834\u5408\u306f\uff1a<a href=\"info@jamtour.jp\">info@jamtour.jp<\/a>\u307e\u3067\t\t\t\t\t\t\t\t<\/div>\n\t\t\t\t<\/div>\n\t\t\t\t\t<\/div>\n\t\t\t\t<\/div>\n\t\t<div class=\"elementor-element elementor-element-e718f18 e-flex e-con-boxed e-con e-parent\" data-id=\"e718f18\" data-element_type=\"container\" data-e-type=\"container\">\n\t\t\t\t\t<div class=\"e-con-inner\">\n\t\t\t\t<div class=\"elementor-element elementor-element-d574d90 elementor-widget elementor-widget-shortcode\" data-id=\"d574d90\" data-element_type=\"widget\" data-e-type=\"widget\" data-widget_type=\"shortcode.default\">\n\t\t\t\t<div class=\"elementor-widget-container\">\n\t\t\t\t\t\t\t<div class=\"elementor-shortcode\">\n<div class=\"wpcf7 no-js\" id=\"wpcf7-f10-o1\" lang=\"ja\" dir=\"ltr\" data-wpcf7-id=\"10\">\n<div class=\"screen-reader-response\"><p role=\"status\" aria-live=\"polite\" aria-atomic=\"true\"><\/p> <ul><\/ul><\/div>\n<form action=\"\/index.php?rest_route=%2Fwp%2Fv2%2Fpages%2F29#wpcf7-f10-o1\" method=\"post\" class=\"wpcf7-form init\" aria-label=\"\u30b3\u30f3\u30bf\u30af\u30c8\u30d5\u30a9\u30fc\u30e0\" novalidate=\"novalidate\" data-status=\"init\">\n<fieldset class=\"hidden-fields-container\"><input type=\"hidden\" name=\"_wpcf7\" value=\"10\" \/><input type=\"hidden\" name=\"_wpcf7_version\" value=\"6.1.5\" \/><input type=\"hidden\" name=\"_wpcf7_locale\" value=\"ja\" \/><input type=\"hidden\" name=\"_wpcf7_unit_tag\" value=\"wpcf7-f10-o1\" \/><input type=\"hidden\" name=\"_wpcf7_container_post\" value=\"0\" \/><input type=\"hidden\" name=\"_wpcf7_posted_data_hash\" value=\"\" \/>\n<\/fieldset>\n<div class=\"wpcf7-turnstile cf-turnstile\" data-sitekey=\"0x4AAAAAAC8hp1_AHuaKLs3E\" data-response-field-name=\"_wpcf7_turnstile_response\"><\/div>\n\n<table class=\"CF7_table\">\n\t<tr>\n\t\t<th>\n\t\t\t<p><span class=\"CF7_req\">\u5fc5\u9808<\/span> \u5185\u5bb9\n\t\t\t<\/p>\n\t\t<\/th>\n\t\t<td>\n\t\t\t<p><span class=\"wpcf7-form-control-wrap\" data-name=\"menu-597\"><select class=\"wpcf7-form-control wpcf7-select wpcf7-validates-as-required\" aria-required=\"true\" aria-invalid=\"false\" name=\"menu-597\"><option value=\"\u53c2\u52a0\u5e0c\u671b\">\u53c2\u52a0\u5e0c\u671b<\/option><option value=\"\u304a\u554f\u5408\u305b\">\u304a\u554f\u5408\u305b<\/option><\/select><\/span>\n\t\t\t<\/p>\n\t\t<\/td>\n\t<\/tr>\n\t<tr>\n\t\t<th>\n\t\t\t<p><span class=\"CF7_req\">\u5fc5\u9808<\/span> \u304a\u540d\u524d\n\t\t\t<\/p>\n\t\t<\/th>\n\t\t<td>\n\t\t\t<p><span class=\"wpcf7-form-control-wrap\" data-name=\"your-name\"><input size=\"40\" maxlength=\"400\" class=\"wpcf7-form-control wpcf7-text wpcf7-validates-as-required\" aria-required=\"true\" aria-invalid=\"false\" placeholder=\"\u4f8b\uff1a\u3042\u306a\u305f\u306e\u304a\u540d\u524d\" value=\"\" type=\"text\" name=\"your-name\" \/><\/span>\n\t\t\t<\/p>\n\t\t<\/td>\n\t<\/tr>\n\t<tr>\n\t\t<th>\n\t\t\t<p><span class=\"CF7_req\">\u5fc5\u9808<\/span> \u30e1\u30fc\u30eb\u30a2\u30c9\u30ec\u30b9\n\t\t\t<\/p>\n\t\t<\/th>\n\t\t<td>\n\t\t\t<p><span class=\"wpcf7-form-control-wrap\" data-name=\"your-email\"><input size=\"40\" maxlength=\"400\" class=\"wpcf7-form-control wpcf7-email wpcf7-validates-as-required wpcf7-text wpcf7-validates-as-email\" aria-required=\"true\" aria-invalid=\"false\" placeholder=\"\u4f8b\uff1a\u00d7\u00d7\u00d7@\u00d7\u00d7\u00d7.com\" value=\"\" type=\"email\" name=\"your-email\" \/><\/span>\n\t\t\t<\/p>\n\t\t<\/td>\n\t<\/tr>\n\t<tr>\n\t\t<th>\n\t\t\t<p><span class=\"CF7_unreq\">\u4efb\u610f<\/span>\u4f1a\u793e\u540d\n\t\t\t<\/p>\n\t\t<\/th>\n\t\t<td>\n\t\t\t<p><span class=\"wpcf7-form-control-wrap\" data-name=\"your-company\"><input size=\"40\" maxlength=\"400\" class=\"wpcf7-form-control wpcf7-text\" aria-invalid=\"false\" placeholder=\"\u4f8b\uff1a\u25ef\u25ef\u682a\u5f0f\u4f1a\u793e\" value=\"\" type=\"text\" name=\"your-company\" \/><\/span>\n\t\t\t<\/p>\n\t\t<\/td>\n\t<\/tr>\n\t<tr>\n\t\t<th>\n\t\t\t<p><span class=\"CF7_req\">\u5fc5\u9808<\/span>\u90f5\u4fbf\u756a\u53f7\n\t\t\t<\/p>\n\t\t<\/th>\n\t\t<td>\n\t\t\t<p><span class=\"wpcf7-form-control-wrap\" data-name=\"zip\"><input size=\"40\" maxlength=\"400\" class=\"wpcf7-form-control wpcf7-text wpcf7-validates-as-required\" id=\"zip\" aria-required=\"true\" aria-invalid=\"false\" placeholder=\"\u4f8b\uff1a123-4567\" value=\"\" type=\"text\" name=\"zip\" \/><\/span>\n\t\t\t<\/p>\n\t\t<\/td>\n\t<\/tr>\n\t<tr>\n\t\t<th>\n\t\t\t<p><span class=\"CF7_req\">\u5fc5\u9808<\/span>\u4eba\u6570\n\t\t\t<\/p>\n\t\t<\/th>\n\t\t<td>\n\t\t\t<p><span class=\"wpcf7-form-control-wrap\" data-name=\"number-530\"><input class=\"wpcf7-form-control wpcf7-number wpcf7-validates-as-number\" aria-invalid=\"false\" value=\"1\" type=\"number\" name=\"number-530\" \/><\/span>\n\t\t\t<\/p>\n\t\t<\/td>\n\t<\/tr>\n\t<tr>\n\t\t<th>\n\t\t\t<p><span class=\"CF7_req\">\u5fc5\u9808<\/span>\u5e0c\u671b\u65e5\u7a0b\n\t\t\t<\/p>\n\t\t<\/th>\n\t\t<td class=\"address-100\">\n\t\t\t<p><span class=\"wpcf7-form-control-wrap\" data-name=\"date-908\"><input class=\"wpcf7-form-control wpcf7-date wpcf7-validates-as-date\" aria-invalid=\"false\" value=\"\" type=\"date\" name=\"date-908\" \/><\/span>\n\t\t\t<\/p>\n\t\t<\/td>\n\t<\/tr>\n\t<tr>\n\t\t<th>\n\t\t\t<p><span class=\"CF7_req\">\u5fc5\u9808<\/span>\u304a\u96fb\u8a71\u756a\u53f7\n\t\t\t<\/p>\n\t\t<\/th>\n\t\t<td>\n\t\t\t<p><span class=\"wpcf7-form-control-wrap\" data-name=\"your-tel\"><input size=\"40\" maxlength=\"400\" class=\"wpcf7-form-control wpcf7-text wpcf7-validates-as-required\" aria-required=\"true\" aria-invalid=\"false\" placeholder=\"\u4f8b\uff1a03-1234-5678\" value=\"\" type=\"text\" name=\"your-tel\" \/><\/span>\n\t\t\t<\/p>\n\t\t<\/td>\n\t<\/tr>\n\t<tr>\n\t\t<th>\n\t\t\t<p><span class=\"CF7_req\">\u5fc5\u9808<\/span>\u304a\u554f\u5408\u305b\u5185\u5bb9\u30fb\u3054\u8981\u671b\u306a\u3069\n\t\t\t<\/p>\n\t\t<\/th>\n\t\t<td class=\"message-100\">\n\t\t\t<p><span class=\"wpcf7-form-control-wrap\" data-name=\"your-message\"><textarea cols=\"40\" rows=\"10\" maxlength=\"2000\" class=\"wpcf7-form-control wpcf7-textarea\" aria-invalid=\"false\" name=\"your-message\"><\/textarea><\/span>\n\t\t\t<\/p>\n\t\t<\/td>\n\t<\/tr>\n<\/table>\n<p class=\"CF7_btn\"><input class=\"wpcf7-form-control wpcf7-submit has-spinner\" type=\"submit\" value=\"\u9001\u4fe1\u3059\u308b\" \/>\n<\/p><p style=\"display: none !important;\" class=\"akismet-fields-container\" data-prefix=\"_wpcf7_ak_\"><label>&#916;<textarea name=\"_wpcf7_ak_hp_textarea\" cols=\"45\" rows=\"8\" maxlength=\"100\"><\/textarea><\/label><input type=\"hidden\" id=\"ak_js_1\" name=\"_wpcf7_ak_js\" value=\"201\"\/><script>document.getElementById( \"ak_js_1\" ).setAttribute( \"value\", ( new Date() ).getTime() );<\/script><\/p><div class=\"wpcf7-response-output\" aria-hidden=\"true\"><\/div>\n<\/form>\n<\/div>\n<\/div>\n\t\t\t\t\t\t<\/div>\n\t\t\t\t<\/div>\n\t\t\t\t\t<\/div>\n\t\t\t\t<\/div>\n\t\t\t\t<\/div>\n\t\t","protected":false},"excerpt":{"rendered":"<p>\u304a\u554f\u5408\u305b \u96fb\u8a71\u306b\u3066\u304a\u554f\u5408\u305b\u9802\u304f\u5834\u5408TEL: 03-4400-2627\u4e0b\u8a18\u30d5\u30a9\u30fc\u30e0\u3088\u308a\u304a\u6c17\u8efd\u306b\u304a\u554f\u3044\u5408<a href=\"https:\/\/jamtour.jp\/?page_id=29\">[&#8230;\u7d9a\u304d\u3092\u8aad\u3080]<\/a><\/p>\n","protected":false},"author":1,"featured_media":0,"parent":0,"menu_order":0,"comment_status":"closed","ping_status":"closed","template":"elementor_header_footer","meta":{"footnotes":""},"class_list":["post-29","page","type-page","status-publish","hentry"],"_links":{"self":[{"href":"https:\/\/jamtour.jp\/index.php?rest_route=\/wp\/v2\/pages\/29","targetHints":{"allow":["GET"]}}],"collection":[{"href":"https:\/\/jamtour.jp\/index.php?rest_route=\/wp\/v2\/pages"}],"about":[{"href":"https:\/\/jamtour.jp\/index.php?rest_route=\/wp\/v2\/types\/page"}],"author":[{"embeddable":true,"href":"https:\/\/jamtour.jp\/index.php?rest_route=\/wp\/v2\/users\/1"}],"replies":[{"embeddable":true,"href":"https:\/\/jamtour.jp\/index.php?rest_route=%2Fwp%2Fv2%2Fcomments&post=29"}],"version-history":[{"count":25,"href":"https:\/\/jamtour.jp\/index.php?rest_route=\/wp\/v2\/pages\/29\/revisions"}],"predecessor-version":[{"id":2399,"href":"https:\/\/jamtour.jp\/index.php?rest_route=\/wp\/v2\/pages\/29\/revisions\/2399"}],"wp:attachment":[{"href":"https:\/\/jamtour.jp\/index.php?rest_route=%2Fwp%2Fv2%2Fmedia&parent=29"}],"curies":[{"name":"wp","href":"https:\/\/api.w.org\/{rel}","templated":true}]}}